{"id":112,"date":"2022-08-11T12:13:47","date_gmt":"2022-08-11T10:13:47","guid":{"rendered":"https:\/\/nextbike-live.pluspol-networks.de\/slatina\/imprima\/"},"modified":"2023-11-20T12:44:45","modified_gmt":"2023-11-20T11:44:45","slug":"imprima","status":"publish","type":"page","link":"https:\/\/www.slatinavelocity.ro\/ro\/imprima\/","title":{"rendered":"Imprim\u0103"},"content":{"rendered":"<div class=\"wpb-content-wrapper\"><p>[vc_row][vc_column][vc_column_text]<h1>Imprimare<\/h1>\n<p>Directia Administrarea Strazilor si Iluminatului Public<br \/>\nStrada Dr\u0103g\u0103ne\u0219ti, 25A<br \/>\n230019 Slatina<\/p>\n<p><strong>Reprezentata de:<\/strong><\/p>\n<p>Dasc\u0103lu Claudiu-Lucian<\/p>\n<p><strong>Contact:<\/strong><\/p>\n<p>Directia Administrarea Strazilor si Iluminatului Public<br \/>\nStrada Dr\u0103g\u0103ne\u0219ti, 25A<br \/>\n230019 Slatina<\/p>\n<p>Telefon: 0249 422788<\/p>\n<p>E-Mail: info@slatinavelocity.ro<strong>\u00a0<\/strong><\/p>\n<p><strong>Cod fiscal:<\/strong><\/p>\n<p>18115577<\/p>\n<p>&nbsp;<\/p>\n<p>Solu\u021bionarea online a litigiilor \u00een temeiul art. 14 (1) Regulamentul ODR: Comisia European\u0103 ofer\u0103 o platform\u0103 pentru solu\u021bionarea online a litigiilor. Acesta poate fi g\u0103sit la <a href=\"http:\/\/ec.europa.eu\/consumers\/odr\/\">http:\/\/ec.europa.eu\/consumers\/odr\/<\/a>.<\/p>\n<p>&nbsp;<\/p>\n[\/vc_column_text][\/vc_column][\/vc_row]<\/p>\n<\/div>","protected":false},"excerpt":{"rendered":"<p>[vc_row][vc_column][vc_column_text][\/vc_column_text][\/vc_column][\/vc_row]<\/p>\n","protected":false},"author":5,"featured_media":0,"parent":0,"menu_order":0,"comment_status":"closed","ping_status":"closed","template":"","meta":{"_acf_changed":false,"inline_featured_image":false,"footnotes":""},"class_list":["post-112","page","type-page","status-publish","hentry"],"acf":[],"yoast_head":"<!-- This site is optimized with the Yoast SEO plugin v27.2 - https:\/\/yoast.com\/product\/yoast-seo-wordpress\/ -->\n<title>Imprim\u0103 - Slatina<\/title>\n<meta name=\"robots\" content=\"index, follow, max-snippet:-1, max-image-preview:large, max-video-preview:-1\" \/>\n<link rel=\"canonical\" href=\"https:\/\/www.slatinavelocity.ro\/ro\/imprima\/\" \/>\n<meta property=\"og:locale\" content=\"ro_RO\" \/>\n<meta property=\"og:type\" content=\"article\" \/>\n<meta property=\"og:title\" content=\"Imprim\u0103 - Slatina\" \/>\n<meta property=\"og:description\" content=\"[vc_row][vc_column][vc_column_text][\/vc_column_text][\/vc_column][\/vc_row]\" \/>\n<meta property=\"og:url\" content=\"https:\/\/www.slatinavelocity.ro\/ro\/imprima\/\" \/>\n<meta property=\"og:site_name\" content=\"Slatina\" \/>\n<meta property=\"article:modified_time\" content=\"2023-11-20T11:44:45+00:00\" \/>\n<meta name=\"twitter:card\" content=\"summary_large_image\" \/>\n<meta name=\"twitter:label1\" content=\"Timp estimat pentru citire\" \/>\n\t<meta name=\"twitter:data1\" content=\"1 minut\" \/>\n<script type=\"application\/ld+json\" class=\"yoast-schema-graph\">{\"@context\":\"https:\/\/schema.org\",\"@graph\":[{\"@type\":\"WebPage\",\"@id\":\"https:\/\/www.slatinavelocity.ro\/ro\/imprima\/\",\"url\":\"https:\/\/www.slatinavelocity.ro\/ro\/imprima\/\",\"name\":\"Imprim\u0103 - Slatina\",\"isPartOf\":{\"@id\":\"https:\/\/www.slatinavelocity.ro\/ro\/#website\"},\"datePublished\":\"2022-08-11T10:13:47+00:00\",\"dateModified\":\"2023-11-20T11:44:45+00:00\",\"breadcrumb\":{\"@id\":\"https:\/\/www.slatinavelocity.ro\/ro\/imprima\/#breadcrumb\"},\"inLanguage\":\"ro-RO\",\"potentialAction\":[{\"@type\":\"ReadAction\",\"target\":[\"https:\/\/www.slatinavelocity.ro\/ro\/imprima\/\"]}]},{\"@type\":\"BreadcrumbList\",\"@id\":\"https:\/\/www.slatinavelocity.ro\/ro\/imprima\/#breadcrumb\",\"itemListElement\":[{\"@type\":\"ListItem\",\"position\":1,\"name\":\"Startseite\",\"item\":\"https:\/\/www.slatinavelocity.ro\/ro\/\"},{\"@type\":\"ListItem\",\"position\":2,\"name\":\"Imprim\u0103\"}]},{\"@type\":\"WebSite\",\"@id\":\"https:\/\/www.slatinavelocity.ro\/ro\/#website\",\"url\":\"https:\/\/www.slatinavelocity.ro\/ro\/\",\"name\":\"Slatina\",\"description\":\"Eine weitere Nextbike Websites Website\",\"potentialAction\":[{\"@type\":\"SearchAction\",\"target\":{\"@type\":\"EntryPoint\",\"urlTemplate\":\"https:\/\/www.slatinavelocity.ro\/ro\/?s={search_term_string}\"},\"query-input\":{\"@type\":\"PropertyValueSpecification\",\"valueRequired\":true,\"valueName\":\"search_term_string\"}}],\"inLanguage\":\"ro-RO\"}]}<\/script>\n<!-- \/ Yoast SEO plugin. -->","yoast_head_json":{"title":"Imprim\u0103 - Slatina","robots":{"index":"index","follow":"follow","max-snippet":"max-snippet:-1","max-image-preview":"max-image-preview:large","max-video-preview":"max-video-preview:-1"},"canonical":"https:\/\/www.slatinavelocity.ro\/ro\/imprima\/","og_locale":"ro_RO","og_type":"article","og_title":"Imprim\u0103 - Slatina","og_description":"[vc_row][vc_column][vc_column_text][\/vc_column_text][\/vc_column][\/vc_row]","og_url":"https:\/\/www.slatinavelocity.ro\/ro\/imprima\/","og_site_name":"Slatina","article_modified_time":"2023-11-20T11:44:45+00:00","twitter_card":"summary_large_image","twitter_misc":{"Timp estimat pentru citire":"1 minut"},"schema":{"@context":"https:\/\/schema.org","@graph":[{"@type":"WebPage","@id":"https:\/\/www.slatinavelocity.ro\/ro\/imprima\/","url":"https:\/\/www.slatinavelocity.ro\/ro\/imprima\/","name":"Imprim\u0103 - Slatina","isPartOf":{"@id":"https:\/\/www.slatinavelocity.ro\/ro\/#website"},"datePublished":"2022-08-11T10:13:47+00:00","dateModified":"2023-11-20T11:44:45+00:00","breadcrumb":{"@id":"https:\/\/www.slatinavelocity.ro\/ro\/imprima\/#breadcrumb"},"inLanguage":"ro-RO","potentialAction":[{"@type":"ReadAction","target":["https:\/\/www.slatinavelocity.ro\/ro\/imprima\/"]}]},{"@type":"BreadcrumbList","@id":"https:\/\/www.slatinavelocity.ro\/ro\/imprima\/#breadcrumb","itemListElement":[{"@type":"ListItem","position":1,"name":"Startseite","item":"https:\/\/www.slatinavelocity.ro\/ro\/"},{"@type":"ListItem","position":2,"name":"Imprim\u0103"}]},{"@type":"WebSite","@id":"https:\/\/www.slatinavelocity.ro\/ro\/#website","url":"https:\/\/www.slatinavelocity.ro\/ro\/","name":"Slatina","description":"Eine weitere Nextbike Websites Website","potentialAction":[{"@type":"SearchAction","target":{"@type":"EntryPoint","urlTemplate":"https:\/\/www.slatinavelocity.ro\/ro\/?s={search_term_string}"},"query-input":{"@type":"PropertyValueSpecification","valueRequired":true,"valueName":"search_term_string"}}],"inLanguage":"ro-RO"}]}},"_links":{"self":[{"href":"https:\/\/www.slatinavelocity.ro\/ro\/wp-json\/wp\/v2\/pages\/112","targetHints":{"allow":["GET"]}}],"collection":[{"href":"https:\/\/www.slatinavelocity.ro\/ro\/wp-json\/wp\/v2\/pages"}],"about":[{"href":"https:\/\/www.slatinavelocity.ro\/ro\/wp-json\/wp\/v2\/types\/page"}],"author":[{"embeddable":true,"href":"https:\/\/www.slatinavelocity.ro\/ro\/wp-json\/wp\/v2\/users\/5"}],"replies":[{"embeddable":true,"href":"https:\/\/www.slatinavelocity.ro\/ro\/wp-json\/wp\/v2\/comments?post=112"}],"version-history":[{"count":3,"href":"https:\/\/www.slatinavelocity.ro\/ro\/wp-json\/wp\/v2\/pages\/112\/revisions"}],"predecessor-version":[{"id":238,"href":"https:\/\/www.slatinavelocity.ro\/ro\/wp-json\/wp\/v2\/pages\/112\/revisions\/238"}],"wp:attachment":[{"href":"https:\/\/www.slatinavelocity.ro\/ro\/wp-json\/wp\/v2\/media?parent=112"}],"curies":[{"name":"wp","href":"https:\/\/api.w.org\/{rel}","templated":true}]}}